{"id":9290,"date":"2025-09-18T08:04:23","date_gmt":"2025-09-18T08:04:23","guid":{"rendered":"https:\/\/detech.com.tr\/?page_id=9290"},"modified":"2026-05-07T14:10:02","modified_gmt":"2026-05-07T14:10:02","slug":"trainings","status":"publish","type":"page","link":"https:\/\/detech.com.tr\/en\/trainings\/","title":{"rendered":"Trainings"},"content":{"rendered":"<div data-elementor-type=\"wp-page\" data-elementor-id=\"9290\" class=\"elementor elementor-9290\" data-elementor-settings=\"{&quot;element_pack_global_tooltip_width&quot;:{&quot;unit&quot;:&quot;px&quot;,&quot;size&quot;:&quot;&quot;,&quot;sizes&quot;:[]},&quot;element_pack_global_tooltip_width_tablet&quot;:{&quot;unit&quot;:&quot;px&quot;,&quot;size&quot;:&quot;&quot;,&quot;sizes&quot;:[]},&quot;element_pack_global_tooltip_width_mobile&quot;:{&quot;unit&quot;:&quot;px&quot;,&quot;size&quot;:&quot;&quot;,&quot;sizes&quot;:[]},&quot;element_pack_global_tooltip_padding&quot;:{&quot;unit&quot;:&quot;px&quot;,&quot;top&quot;:&quot;&quot;,&quot;right&quot;:&quot;&quot;,&quot;bottom&quot;:&quot;&quot;,&quot;left&quot;:&quot;&quot;,&quot;isLinked&quot;:true},&quot;element_pack_global_tooltip_padding_tablet&quot;:{&quot;unit&quot;:&quot;px&quot;,&quot;top&quot;:&quot;&quot;,&quot;right&quot;:&quot;&quot;,&quot;bottom&quot;:&quot;&quot;,&quot;left&quot;:&quot;&quot;,&quot;isLinked&quot;:true},&quot;element_pack_global_tooltip_padding_mobile&quot;:{&quot;unit&quot;:&quot;px&quot;,&quot;top&quot;:&quot;&quot;,&quot;right&quot;:&quot;&quot;,&quot;bottom&quot;:&quot;&quot;,&quot;left&quot;:&quot;&quot;,&quot;isLinked&quot;:true},&quot;element_pack_global_tooltip_border_radius&quot;:{&quot;unit&quot;:&quot;px&quot;,&quot;top&quot;:&quot;&quot;,&quot;right&quot;:&quot;&quot;,&quot;bottom&quot;:&quot;&quot;,&quot;left&quot;:&quot;&quot;,&quot;isLinked&quot;:true},&quot;element_pack_global_tooltip_border_radius_tablet&quot;:{&quot;unit&quot;:&quot;px&quot;,&quot;top&quot;:&quot;&quot;,&quot;right&quot;:&quot;&quot;,&quot;bottom&quot;:&quot;&quot;,&quot;left&quot;:&quot;&quot;,&quot;isLinked&quot;:true},&quot;element_pack_global_tooltip_border_radius_mobile&quot;:{&quot;unit&quot;:&quot;px&quot;,&quot;top&quot;:&quot;&quot;,&quot;right&quot;:&quot;&quot;,&quot;bottom&quot;:&quot;&quot;,&quot;left&quot;:&quot;&quot;,&quot;isLinked&quot;:true}}\" data-elementor-post-type=\"page\">\n\t\t\t\t\t\t<section class=\"elementor-section elementor-top-section elementor-element elementor-element-17b8c28 elementor-section-boxed elementor-section-height-default elementor-section-height-default wpr-particle-no wpr-jarallax-no wpr-parallax-no wpr-sticky-section-no\" data-id=\"17b8c28\" data-element_type=\"section\" data-settings=\"{&quot;background_background&quot;:&quot;gradient&quot;,&quot;shape_divider_bottom&quot;:&quot;triangle-asymmetrical&quot;,&quot;shape_divider_bottom_negative&quot;:&quot;yes&quot;}\">\n\t\t\t\t\t<div class=\"elementor-shape elementor-shape-bottom\" aria-hidden=\"true\" data-negative=\"true\">\n\t\t\t<svg xmlns=\"http:\/\/www.w3.org\/2000\/svg\" viewbox=\"0 0 1000 100\" preserveaspectratio=\"none\">\n\t<path class=\"elementor-shape-fill\" d=\"M737.9,94.7L0,0v100h1000V0L737.9,94.7z\"\/>\n<\/svg>\t\t<\/div>\n\t\t\t\t\t<div class=\"elementor-container elementor-column-gap-default\">\n\t\t\t\t\t<div class=\"elementor-column elementor-col-100 elementor-top-column elementor-element elementor-element-67c5346\" data-id=\"67c5346\" data-element_type=\"column\">\n\t\t\t<div class=\"elementor-widget-wrap elementor-element-populated\">\n\t\t\t\t\t\t<div class=\"elementor-element elementor-element-41a6066 elementor-widget elementor-widget-heading\" data-id=\"41a6066\" data-element_type=\"widget\" data-widget_type=\"heading.default\">\n\t\t\t\t\t<h2 class=\"elementor-heading-title elementor-size-default\">Academy<\/h2>\t\t\t\t<\/div>\n\t\t\t\t<div class=\"elementor-element elementor-element-d2b323e elementor-widget-divider--view-line elementor-widget elementor-widget-divider\" data-id=\"d2b323e\" data-element_type=\"widget\" data-widget_type=\"divider.default\">\n\t\t\t\t\t\t\t<div class=\"elementor-divider\">\n\t\t\t<span class=\"elementor-divider-separator\">\n\t\t\t\t\t\t<\/span>\n\t\t<\/div>\n\t\t\t\t\t\t<\/div>\n\t\t\t\t<div class=\"elementor-element elementor-element-062b4f2 elementor-widget elementor-widget-text-editor\" data-id=\"062b4f2\" data-element_type=\"widget\" data-widget_type=\"text-editor.default\">\n\t\t\t\t\t\t\t\t\tDetech Academy is a journey of continuous learning. Today, we invest in the development of our team through internal trainings.\t\t\t\t\t\t\t\t<\/div>\n\t\t\t\t\t<\/div>\n\t\t<\/div>\n\t\t\t\t\t<\/div>\n\t\t<\/section>\n\t\t\t\t<section class=\"elementor-section elementor-top-section elementor-element elementor-element-7c672ca1 elementor-section-content-middle elementor-section-boxed elementor-section-height-default elementor-section-height-default wpr-particle-no wpr-jarallax-no wpr-parallax-no wpr-sticky-section-no\" data-id=\"7c672ca1\" data-element_type=\"section\">\n\t\t\t\t\t\t<div class=\"elementor-container elementor-column-gap-default\">\n\t\t\t\t\t<div class=\"elementor-column elementor-col-50 elementor-top-column elementor-element elementor-element-664aec48\" data-id=\"664aec48\" data-element_type=\"column\">\n\t\t\t<div class=\"elementor-widget-wrap elementor-element-populated\">\n\t\t\t\t\t\t<div class=\"elementor-element elementor-element-57130981 elementor-invisible elementor-widget elementor-widget-image\" data-id=\"57130981\" data-element_type=\"widget\" data-settings=\"{&quot;_animation&quot;:&quot;fadeInLeft&quot;}\" data-widget_type=\"image.default\">\n\t\t\t\t\t\t\t\t\t\t\t\t\t\t\t<img fetchpriority=\"high\" decoding=\"async\" width=\"929\" height=\"710\" src=\"https:\/\/detech.com.tr\/wp-content\/uploads\/2025\/11\/cyber-security-academy-1.jpg\" class=\"attachment-full size-full wp-image-11584\" alt=\"\" srcset=\"https:\/\/detech.com.tr\/wp-content\/uploads\/2025\/11\/cyber-security-academy-1.jpg 929w, https:\/\/detech.com.tr\/wp-content\/uploads\/2025\/11\/cyber-security-academy-1-300x229.jpg 300w, https:\/\/detech.com.tr\/wp-content\/uploads\/2025\/11\/cyber-security-academy-1-768x587.jpg 768w, https:\/\/detech.com.tr\/wp-content\/uploads\/2025\/11\/cyber-security-academy-1-16x12.jpg 16w, https:\/\/detech.com.tr\/wp-content\/uploads\/2025\/11\/cyber-security-academy-1-400x306.jpg 400w\" sizes=\"100vw\" \/>\t\t\t\t\t\t\t\t\t\t\t\t\t\t\t<\/div>\n\t\t\t\t\t<\/div>\n\t\t<\/div>\n\t\t\t\t<div class=\"elementor-column elementor-col-50 elementor-top-column elementor-element elementor-element-38ed3360 elementor-invisible\" data-id=\"38ed3360\" data-element_type=\"column\" data-settings=\"{&quot;animation&quot;:&quot;fadeInRight&quot;}\">\n\t\t\t<div class=\"elementor-widget-wrap elementor-element-populated\">\n\t\t\t\t\t\t<div class=\"elementor-element elementor-element-9e12b74 elementor-widget elementor-widget-heading\" data-id=\"9e12b74\" data-element_type=\"widget\" data-widget_type=\"heading.default\">\n\t\t\t\t\t<h2 class=\"elementor-heading-title elementor-size-default\">Academy<\/h2>\t\t\t\t<\/div>\n\t\t\t\t<div class=\"elementor-element elementor-element-14ded7cc elementor-widget elementor-widget-text-editor\" data-id=\"14ded7cc\" data-element_type=\"widget\" data-widget_type=\"text-editor.default\">\n\t\t\t\t\t\t\t\t\t<strong>Detech Academy<\/strong>is a journey of continuous learning. Today, we invest in the development of our team with the trainings we organize internally. In the near future, we aim to open this know-how to students, professionals and the business world, offering innovative and practical training to those who want to specialize in cyber security. Our goal is not only to transfer knowledge, but also to train the architects of a secure digital future together.\t\t\t\t\t\t\t\t<\/div>\n\t\t\t\t\t<\/div>\n\t\t<\/div>\n\t\t\t\t\t<\/div>\n\t\t<\/section>\n\t\t\t\t<section class=\"elementor-section elementor-top-section elementor-element elementor-element-1804c931 elementor-section-boxed elementor-section-height-default elementor-section-height-default wpr-particle-no wpr-jarallax-no wpr-parallax-no wpr-sticky-section-no\" data-id=\"1804c931\" data-element_type=\"section\" data-settings=\"{&quot;background_background&quot;:&quot;classic&quot;}\">\n\t\t\t\t\t\t<div class=\"elementor-container elementor-column-gap-default\">\n\t\t\t\t\t<div class=\"elementor-column elementor-col-100 elementor-top-column elementor-element elementor-element-1d1dd5b5\" data-id=\"1d1dd5b5\" data-element_type=\"column\">\n\t\t\t<div class=\"elementor-widget-wrap elementor-element-populated\">\n\t\t\t\t\t\t<section class=\"elementor-section elementor-inner-section elementor-element elementor-element-58b4a812 elementor-section-full_width elementor-section-height-default elementor-section-height-default wpr-particle-no wpr-jarallax-no wpr-parallax-no wpr-sticky-section-no elementor-invisible\" data-id=\"58b4a812\" data-element_type=\"section\" data-settings=\"{&quot;animation&quot;:&quot;fadeInDown&quot;}\">\n\t\t\t\t\t\t<div class=\"elementor-container elementor-column-gap-narrow\">\n\t\t\t\t\t<div class=\"elementor-column elementor-col-100 elementor-inner-column elementor-element elementor-element-b2d1f2c\" data-id=\"b2d1f2c\" data-element_type=\"column\" data-settings=\"{&quot;background_background&quot;:&quot;classic&quot;}\">\n\t\t\t<div class=\"elementor-widget-wrap elementor-element-populated\">\n\t\t\t\t\t\t<div class=\"elementor-element elementor-element-ef2dcd3 elementor-widget elementor-widget-image\" data-id=\"ef2dcd3\" data-element_type=\"widget\" data-widget_type=\"image.default\">\n\t\t\t\t\t\t\t\t\t\t\t\t\t\t\t<img decoding=\"async\" width=\"150\" height=\"150\" src=\"https:\/\/detech.com.tr\/wp-content\/uploads\/2025\/09\/1756392490407-e1778159886270-150x150.jpg\" class=\"attachment-thumbnail size-thumbnail wp-image-9293\" alt=\"\" srcset=\"https:\/\/detech.com.tr\/wp-content\/uploads\/2025\/09\/1756392490407-e1778159886270-150x150.jpg 150w, https:\/\/detech.com.tr\/wp-content\/uploads\/2025\/09\/1756392490407-e1778159886270-500x500.jpg 500w, https:\/\/detech.com.tr\/wp-content\/uploads\/2025\/09\/1756392490407-e1778159886270-100x100.jpg 100w\" sizes=\"100vw\" \/>\t\t\t\t\t\t\t\t\t\t\t\t\t\t\t<\/div>\n\t\t\t\t<div class=\"elementor-element elementor-element-30f9fed elementor-widget elementor-widget-heading\" data-id=\"30f9fed\" data-element_type=\"widget\" data-widget_type=\"heading.default\">\n\t\t\t\t\t<h5 class=\"elementor-heading-title elementor-size-default\">F5 AI Guardrails Training \u2013 Enterprise GenAI Security<\/h5>\t\t\t\t<\/div>\n\t\t\t\t<div class=\"elementor-element elementor-element-6066cb6 elementor-widget elementor-widget-text-editor\" data-id=\"6066cb6\" data-element_type=\"widget\" data-widget_type=\"text-editor.default\">\n\t\t\t\t\t\t\t\t\t<p><span style=\"color: #000000;\">In this training held under the umbrella of Detech Akademi, our team had the opportunity to closely learn about and experience F5 AI Guardrails solutions hands-on.<\/span><\/p>\t\t\t\t\t\t\t\t<\/div>\n\t\t\t\t<div class=\"elementor-element elementor-element-2aa5a3a elementor-widget elementor-widget-button\" data-id=\"2aa5a3a\" data-element_type=\"widget\" data-widget_type=\"button.default\">\n\t\t\t\t\t\t\t\t\t\t<a class=\"elementor-button elementor-button-link elementor-size-sm\" href=\"https:\/\/detech.com.tr\/en\/calypsoai-training-corporate-genai-security\/\">\n\t\t\t\t\t\t<span class=\"elementor-button-content-wrapper\">\n\t\t\t\t\t\t\t\t\t<span class=\"elementor-button-text\">Read more<\/span>\n\t\t\t\t\t<\/span>\n\t\t\t\t\t<\/a>\n\t\t\t\t\t\t\t\t<\/div>\n\t\t\t\t\t<\/div>\n\t\t<\/div>\n\t\t\t\t\t<\/div>\n\t\t<\/section>\n\t\t\t\t\t<\/div>\n\t\t<\/div>\n\t\t\t\t\t<\/div>\n\t\t<\/section>\n\t\t\t\t<section class=\"elementor-section elementor-top-section elementor-element elementor-element-2786a9f elementor-section-stretched elementor-section-boxed elementor-section-height-default elementor-section-height-default wpr-particle-no wpr-jarallax-no wpr-parallax-no wpr-sticky-section-no\" data-id=\"2786a9f\" data-element_type=\"section\" data-settings=\"{&quot;background_background&quot;:&quot;gradient&quot;,&quot;stretch_section&quot;:&quot;section-stretched&quot;}\">\n\t\t\t\t\t\t<div class=\"elementor-container elementor-column-gap-default\">\n\t\t\t\t\t<div class=\"elementor-column elementor-col-100 elementor-top-column elementor-element elementor-element-1b5d99b bdt-backdrop-filter-yes bdt-filter-backdrop\" data-id=\"1b5d99b\" data-element_type=\"column\">\n\t\t\t<div class=\"elementor-widget-wrap elementor-element-populated\">\n\t\t\t\t\t<div class=\"elementor-background-overlay\"><\/div>\n\t\t\t\t\t\t<div class=\"elementor-element elementor-element-bbb8430 elementor-widget elementor-widget-heading\" data-id=\"bbb8430\" data-element_type=\"widget\" data-widget_type=\"heading.default\">\n\t\t\t\t\t<h2 class=\"elementor-heading-title elementor-size-default\">Let's Build Your Cyber Security Together!<\/h2>\t\t\t\t<\/div>\n\t\t\t\t<div class=\"elementor-element elementor-element-dfbc1af elementor-widget elementor-widget-text-editor\" data-id=\"dfbc1af\" data-element_type=\"widget\" data-widget_type=\"text-editor.default\">\n\t\t\t\t\t\t\t\t\t<p>Let's analyze your needs and requirements together and configure the security architecture specific to your organization.<\/p>\t\t\t\t\t\t\t\t<\/div>\n\t\t\t\t<div class=\"elementor-element elementor-element-039d24c wpr-button-icon-position-left wpr-button-icon-style-inline elementor-widget elementor-widget-wpr-button\" data-id=\"039d24c\" data-element_type=\"widget\" data-widget_type=\"wpr-button.default\">\n\t\t\t\t\t\t\n\t\t\t\n\t\t\n\t\t<div class=\"wpr-button-wrap elementor-clearfix\">\n\t\t<a class=\"wpr-button wpr-button-effect wpr-button-back-pulse\" data-text=\"\" href=\"\/en\/contact\/\">\n\t\t\t\n\t\t\t<span class=\"wpr-button-content\">\n\t\t\t\t\t\t\t\t\t<span class=\"wpr-button-text\">Contact Us<\/span>\n\t\t\t\t\t\t\t\t\n\t\t\t\t\t\t\t\t\t<span class=\"wpr-button-icon\"><i class=\"ion ion-email\"><\/i><\/span>\n\t\t\t\t\t\t\t<\/span>\n\t\t<\/a>\n\n\t\t\t\t<\/div>\n\t\n\t\n\t\t\t\t\t<\/div>\n\t\t\t\t\t<\/div>\n\t\t<\/div>\n\t\t\t\t\t<\/div>\n\t\t<\/section>\n\t\t\t\t<\/div>","protected":false},"excerpt":{"rendered":"<p>Akademi Detech Akademi, \u00f6\u011frenmeyi s\u00fcrekli k\u0131lan bir yolculuktur. Bug\u00fcn, kendi i\u00e7imizde d\u00fczenledi\u011fimiz e\u011fitimlerle ekibimizin geli\u015fimine yat\u0131r\u0131m yap\u0131yoruz. Akademi Detech Akademi, \u00f6\u011frenmeyi s\u00fcrekli k\u0131lan bir yolculuktur. Bug\u00fcn, kendi i\u00e7imizde d\u00fczenledi\u011fimiz e\u011fitimlerle ekibimizin geli\u015fimine yat\u0131r\u0131m yap\u0131yoruz. Yak\u0131n gelecekte ise bu bilgi birikimini \u00f6\u011frencilere, profesyonellere ve i\u015f d\u00fcnyas\u0131na a\u00e7arak; siber g\u00fcvenlik alan\u0131nda uzmanla\u015fmak isteyenlere yenilik\u00e7i ve uygulamal\u0131 e\u011fitimler sunmay\u0131 hedefliyoruz. Amac\u0131m\u0131z yaln\u0131zca bilgi aktarmak de\u011fil, ayn\u0131 zamanda g\u00fcvenli dijital gelece\u011fin mimarlar\u0131n\u0131 birlikte yeti\u015ftirmektir. F5 AI Guardrails E\u011fitimi \u2013 Kurumsal GenAI G\u00fcvenli\u011fi Detech Akademi \u00e7at\u0131s\u0131 alt\u0131nda d\u00fczenlenen bu e\u011fitimde ekibimiz, F5 AI Guardrails \u00e7\u00f6z\u00fcmlerini yak\u0131ndan tan\u0131ma ve uygulamal\u0131 olarak deneyimleme f\u0131rsat\u0131 buldu. Devam\u0131n\u0131 okuyun Siber G\u00fcvenli\u011finizi Birlikte \u0130n\u015fa Edelim! \u0130htiya\u00e7 ve gereksinimlerinizi birlikte analiz edelim, kurumunuza \u00f6zel g\u00fcvenlik mimarisini birlikte yap\u0131land\u0131ral\u0131m. \u0130leti\u015fime Ge\u00e7<\/p>","protected":false},"author":3,"featured_media":0,"parent":0,"menu_order":0,"comment_status":"closed","ping_status":"closed","template":"elementor_header_footer","meta":{"_acf_changed":false,"om_disable_all_campaigns":false,"_monsterinsights_skip_tracking":false,"_monsterinsights_sitenote_active":false,"_monsterinsights_sitenote_note":"","_monsterinsights_sitenote_category":0,"footnotes":""},"class_list":["post-9290","page","type-page","status-publish","hentry"],"acf":[],"aioseo_notices":[],"_links":{"self":[{"href":"https:\/\/detech.com.tr\/en\/wp-json\/wp\/v2\/pages\/9290","targetHints":{"allow":["GET"]}}],"collection":[{"href":"https:\/\/detech.com.tr\/en\/wp-json\/wp\/v2\/pages"}],"about":[{"href":"https:\/\/detech.com.tr\/en\/wp-json\/wp\/v2\/types\/page"}],"author":[{"embeddable":true,"href":"https:\/\/detech.com.tr\/en\/wp-json\/wp\/v2\/users\/3"}],"replies":[{"embeddable":true,"href":"https:\/\/detech.com.tr\/en\/wp-json\/wp\/v2\/comments?post=9290"}],"version-history":[{"count":52,"href":"https:\/\/detech.com.tr\/en\/wp-json\/wp\/v2\/pages\/9290\/revisions"}],"predecessor-version":[{"id":12821,"href":"https:\/\/detech.com.tr\/en\/wp-json\/wp\/v2\/pages\/9290\/revisions\/12821"}],"wp:attachment":[{"href":"https:\/\/detech.com.tr\/en\/wp-json\/wp\/v2\/media?parent=9290"}],"curies":[{"name":"wp","href":"https:\/\/api.w.org\/{rel}","templated":true}]}}