{"id":9282,"date":"2025-09-17T11:49:38","date_gmt":"2025-09-17T11:49:38","guid":{"rendered":"https:\/\/detech.com.tr\/?page_id=9282"},"modified":"2026-05-07T13:10:56","modified_gmt":"2026-05-07T13:10:56","slug":"artificial-intelligence-security","status":"publish","type":"page","link":"https:\/\/detech.com.tr\/en\/artificial-intelligence-security\/","title":{"rendered":"Artificial Intelligence Security"},"content":{"rendered":"<div data-elementor-type=\"wp-page\" data-elementor-id=\"9282\" class=\"elementor elementor-9282\" data-elementor-settings=\"{&quot;element_pack_global_tooltip_width&quot;:{&quot;unit&quot;:&quot;px&quot;,&quot;size&quot;:&quot;&quot;,&quot;sizes&quot;:[]},&quot;element_pack_global_tooltip_width_tablet&quot;:{&quot;unit&quot;:&quot;px&quot;,&quot;size&quot;:&quot;&quot;,&quot;sizes&quot;:[]},&quot;element_pack_global_tooltip_width_mobile&quot;:{&quot;unit&quot;:&quot;px&quot;,&quot;size&quot;:&quot;&quot;,&quot;sizes&quot;:[]},&quot;element_pack_global_tooltip_padding&quot;:{&quot;unit&quot;:&quot;px&quot;,&quot;top&quot;:&quot;&quot;,&quot;right&quot;:&quot;&quot;,&quot;bottom&quot;:&quot;&quot;,&quot;left&quot;:&quot;&quot;,&quot;isLinked&quot;:true},&quot;element_pack_global_tooltip_padding_tablet&quot;:{&quot;unit&quot;:&quot;px&quot;,&quot;top&quot;:&quot;&quot;,&quot;right&quot;:&quot;&quot;,&quot;bottom&quot;:&quot;&quot;,&quot;left&quot;:&quot;&quot;,&quot;isLinked&quot;:true},&quot;element_pack_global_tooltip_padding_mobile&quot;:{&quot;unit&quot;:&quot;px&quot;,&quot;top&quot;:&quot;&quot;,&quot;right&quot;:&quot;&quot;,&quot;bottom&quot;:&quot;&quot;,&quot;left&quot;:&quot;&quot;,&quot;isLinked&quot;:true},&quot;element_pack_global_tooltip_border_radius&quot;:{&quot;unit&quot;:&quot;px&quot;,&quot;top&quot;:&quot;&quot;,&quot;right&quot;:&quot;&quot;,&quot;bottom&quot;:&quot;&quot;,&quot;left&quot;:&quot;&quot;,&quot;isLinked&quot;:true},&quot;element_pack_global_tooltip_border_radius_tablet&quot;:{&quot;unit&quot;:&quot;px&quot;,&quot;top&quot;:&quot;&quot;,&quot;right&quot;:&quot;&quot;,&quot;bottom&quot;:&quot;&quot;,&quot;left&quot;:&quot;&quot;,&quot;isLinked&quot;:true},&quot;element_pack_global_tooltip_border_radius_mobile&quot;:{&quot;unit&quot;:&quot;px&quot;,&quot;top&quot;:&quot;&quot;,&quot;right&quot;:&quot;&quot;,&quot;bottom&quot;:&quot;&quot;,&quot;left&quot;:&quot;&quot;,&quot;isLinked&quot;:true}}\" data-elementor-post-type=\"page\">\n\t\t\t\t\t\t<section class=\"elementor-section elementor-top-section elementor-element elementor-element-64ea6d7e elementor-section-height-min-height elementor-section-boxed elementor-section-height-default elementor-section-items-middle wpr-particle-no wpr-jarallax-no wpr-parallax-no wpr-sticky-section-no\" data-id=\"64ea6d7e\" data-element_type=\"section\" data-settings=\"{&quot;background_background&quot;:&quot;gradient&quot;}\">\n\t\t\t\t\t\t<div class=\"elementor-container elementor-column-gap-default\">\n\t\t\t\t\t<div class=\"elementor-column elementor-col-50 elementor-top-column elementor-element elementor-element-1a407e0a elementor-invisible\" data-id=\"1a407e0a\" data-element_type=\"column\" data-settings=\"{&quot;animation&quot;:&quot;fadeIn&quot;}\">\n\t\t\t<div class=\"elementor-widget-wrap elementor-element-populated\">\n\t\t\t\t\t\t<div class=\"elementor-element elementor-element-46f5a110 wpr-fancy-text-rotate-1 wpr-advanced-text-style-animated wpr-animated-text-infinite-yes elementor-widget elementor-widget-wpr-advanced-text\" data-id=\"46f5a110\" data-element_type=\"widget\" data-settings=\"{&quot;anim_loop&quot;:&quot;yes&quot;}\" data-widget_type=\"wpr-advanced-text.default\">\n\t\t\t\t\t\n\t\t<h3 class=\"wpr-advanced-text\">\n\n\t\t\t\t\t\n\t\t\t\t\t\t\t<span class=\"wpr-advanced-text-preffix\">AI Security Solutions<\/span>\n\t\t\t\n\t\t<span class=\"wpr-anim-text wpr-anim-text-type-rotate-1\" data-anim-duration=\"1000,2000\" data-anim-loop=\"yes\">\n\t\t\t<span class=\"wpr-anim-text-inner\">\n\t\t\t\t\t\t\t<\/span>\n\t\t\t\t\t<\/span>\n\n\t\t\t\t\n\t\t<\/h3>\n\t\t\n\t\t\t\t\t\t<\/div>\n\t\t\t\t<div class=\"elementor-element elementor-element-72c50181 elementor-widget elementor-widget-text-editor\" data-id=\"72c50181\" data-element_type=\"widget\" data-widget_type=\"text-editor.default\">\n\t\t\t\t\t\t\t\t\t<p>The AI security solutions in our portfolio make the use of GenAI\/LLM by organizations secure, traceable, and compliant.<\/p>\t\t\t\t\t\t\t\t<\/div>\n\t\t\t\t<div class=\"elementor-element elementor-element-c5a103d wpr-button-icon-style-inline wpr-button-icon-position-right elementor-widget elementor-widget-wpr-button\" data-id=\"c5a103d\" data-element_type=\"widget\" data-widget_type=\"wpr-button.default\">\n\t\t\t\t\t\t\n\t\t\t\n\t\t\n\t\t<div class=\"wpr-button-wrap elementor-clearfix\">\n\t\t<a class=\"wpr-button wpr-button-effect wpr-button-none\" data-text=\"\" href=\"\/en\/contact\/\">\n\t\t\t\n\t\t\t<span class=\"wpr-button-content\">\n\t\t\t\t\t\t\t\t\t<span class=\"wpr-button-text\">Contact Us<\/span>\n\t\t\t\t\t\t\t\t\n\t\t\t\t\t\t\t\t\t<span class=\"wpr-button-icon\"><svg class=\"e-font-icon-svg e-fas-long-arrow-alt-right\" viewbox=\"0 0 448 512\" xmlns=\"http:\/\/www.w3.org\/2000\/svg\"><path d=\"M313.941 216H12c-6.627 0-12 5.373-12 12v56c0 6.627 5.373 12 12 12h301.941v46.059c0 21.382 25.851 32.09 40.971 16.971l86.059-86.059c9.373-9.373 9.373-24.569 0-33.941l-86.059-86.059c-15.119-15.119-40.971-4.411-40.971 16.971V216z\"><\/path><\/svg><\/span>\n\t\t\t\t\t\t\t<\/span>\n\t\t<\/a>\n\n\t\t\t\t<\/div>\n\t\n\t\n\t\t\t\t\t<\/div>\n\t\t\t\t\t<\/div>\n\t\t<\/div>\n\t\t\t\t<div class=\"elementor-column elementor-col-50 elementor-top-column elementor-element elementor-element-1838f12d\" data-id=\"1838f12d\" data-element_type=\"column\">\n\t\t\t<div class=\"elementor-widget-wrap\">\n\t\t\t\t\t\t\t<\/div>\n\t\t<\/div>\n\t\t\t\t\t<\/div>\n\t\t<\/section>\n\t\t\t\t<section class=\"elementor-section elementor-top-section elementor-element elementor-element-3999ebb elementor-section-boxed elementor-section-height-default elementor-section-height-default wpr-particle-no wpr-jarallax-no wpr-parallax-no wpr-sticky-section-no\" data-id=\"3999ebb\" data-element_type=\"section\">\n\t\t\t\t\t\t<div class=\"elementor-container elementor-column-gap-default\">\n\t\t\t\t\t<div class=\"elementor-column elementor-col-100 elementor-top-column elementor-element elementor-element-0f26646\" data-id=\"0f26646\" data-element_type=\"column\">\n\t\t\t<div class=\"elementor-widget-wrap elementor-element-populated\">\n\t\t\t\t\t\t<section class=\"elementor-section elementor-inner-section elementor-element elementor-element-5318803 elementor-section-boxed elementor-section-height-default elementor-section-height-default wpr-particle-no wpr-jarallax-no wpr-parallax-no wpr-sticky-section-no\" data-id=\"5318803\" data-element_type=\"section\">\n\t\t\t\t\t\t<div class=\"elementor-container elementor-column-gap-default\">\n\t\t\t\t\t<div class=\"elementor-column elementor-col-33 elementor-inner-column elementor-element elementor-element-c5779ba\" data-id=\"c5779ba\" data-element_type=\"column\">\n\t\t\t<div class=\"elementor-widget-wrap elementor-element-populated\">\n\t\t\t\t\t\t<div class=\"elementor-element elementor-element-5e2aaff wpr-promo-box-style-cover elementor-invisible elementor-widget elementor-widget-wpr-promo-box\" data-id=\"5e2aaff\" data-element_type=\"widget\" data-settings=\"{&quot;_animation&quot;:&quot;zoomIn&quot;,&quot;_animation_delay&quot;:100}\" data-widget_type=\"wpr-promo-box.default\">\n\t\t\t\t\t\n\t\t<div class=\"wpr-promo-box wpr-animation-wrap\">\n\n\t\t\t\t\t\t\t\n\t\t\t\t\t\t\n\t\t\t<div class=\"wpr-promo-box-content\">\n\n\t\t\t\t\t\t\t\t<div class=\"wpr-promo-box-icon\">\n\t\t\t\t\t\t\t\t\t\t\t<i class=\"fas fa-code\"><\/i>\n\t\t\t\t\t\t\t\t\t<\/div>\n\t\t\t\t\n\t\t\t\t<h3 class=\"wpr-promo-box-title\"><span>API Discovery and Security Testing<\/span><\/h3>\n\t\t\t\t\t\t\t\t\t<div class=\"wpr-promo-box-description\">\n\t\t\t\t\t\t<p>Automated live API inventory across all your environments (prod\/dev); security testing and misconfiguration detection, including OWASP API Top 10; flagging sensitive data flows.\n\n<\/p>\t\n\t\t\t\t\t<\/div>\t\t\t\t\t\t\n\t\t\t\t\n\t\t\t\t\t\t\t<\/div>\n\n\t\t\t\t\t<\/div>\n\n\t\t\t\t\t\t<\/div>\n\t\t\t\t\t<\/div>\n\t\t<\/div>\n\t\t\t\t<div class=\"elementor-column elementor-col-33 elementor-inner-column elementor-element elementor-element-6751c4c\" data-id=\"6751c4c\" data-element_type=\"column\">\n\t\t\t<div class=\"elementor-widget-wrap elementor-element-populated\">\n\t\t\t\t\t\t<div class=\"elementor-element elementor-element-c16d16a wpr-promo-box-style-cover elementor-invisible elementor-widget elementor-widget-wpr-promo-box\" data-id=\"c16d16a\" data-element_type=\"widget\" data-settings=\"{&quot;_animation&quot;:&quot;zoomIn&quot;,&quot;_animation_delay&quot;:100}\" data-widget_type=\"wpr-promo-box.default\">\n\t\t\t\t\t\n\t\t<div class=\"wpr-promo-box wpr-animation-wrap\">\n\n\t\t\t\t\t\t\t\n\t\t\t\t\t\t\n\t\t\t<div class=\"wpr-promo-box-content\">\n\n\t\t\t\t\t\t\t\t<div class=\"wpr-promo-box-icon\">\n\t\t\t\t\t\t\t\t\t\t\t<i class=\"fas fa-brain\"><\/i>\n\t\t\t\t\t\t\t\t\t<\/div>\n\t\t\t\t\n\t\t\t\t<h3 class=\"wpr-promo-box-title\"><span>LLM\/GenAI Security and Policies<\/span><\/h3>\n\t\t\t\t\t\t\t\t\t<div class=\"wpr-promo-box-description\">\n\t\t\t\t\t\t<p><p>Protection against prompt\/injection, data leakage and biased output; automatic blocking of unwanted responses with security policies and guardrail rules; detailed visibility with usage telemetry and risk scores.<\/p><\/p>\t\n\t\t\t\t\t<\/div>\t\t\t\t\t\t\n\t\t\t\t\n\t\t\t\t\t\t\t<\/div>\n\n\t\t\t\t\t<\/div>\n\n\t\t\t\t\t\t<\/div>\n\t\t\t\t\t<\/div>\n\t\t<\/div>\n\t\t\t\t<div class=\"elementor-column elementor-col-33 elementor-inner-column elementor-element elementor-element-2bd2202\" data-id=\"2bd2202\" data-element_type=\"column\">\n\t\t\t<div class=\"elementor-widget-wrap elementor-element-populated\">\n\t\t\t\t\t\t<div class=\"elementor-element elementor-element-0f2140f wpr-promo-box-style-cover elementor-invisible elementor-widget elementor-widget-wpr-promo-box\" data-id=\"0f2140f\" data-element_type=\"widget\" data-settings=\"{&quot;_animation&quot;:&quot;zoomIn&quot;,&quot;_animation_delay&quot;:100}\" data-widget_type=\"wpr-promo-box.default\">\n\t\t\t\t\t\n\t\t<div class=\"wpr-promo-box wpr-animation-wrap\">\n\n\t\t\t\t\t\t\t\n\t\t\t\t\t\t\n\t\t\t<div class=\"wpr-promo-box-content\">\n\n\t\t\t\t\t\t\t\t<div class=\"wpr-promo-box-icon\">\n\t\t\t\t\t\t\t\t\t\t\t<i class=\"glyph-icon flaticon-landing-page\"><\/i>\n\t\t\t\t\t\t\t\t\t<\/div>\n\t\t\t\t\n\t\t\t\t<h3 class=\"wpr-promo-box-title\"><span>Process Integration and Alignment<\/span><\/h3>\n\t\t\t\t\t\t\t\t\t<div class=\"wpr-promo-box-description\">\n\t\t\t\t\t\t<p>\"shift-left\" security with integration to CI\/CD lines; verifiable reports for KVKK\/GDPR compliance; tracking and ticketing from a single screen with SIEM\/ITSM integrations.\n\n<\/p>\t\n\t\t\t\t\t<\/div>\t\t\t\t\t\t\n\t\t\t\t\n\t\t\t\t\t\t\t<\/div>\n\n\t\t\t\t\t<\/div>\n\n\t\t\t\t\t\t<\/div>\n\t\t\t\t\t<\/div>\n\t\t<\/div>\n\t\t\t\t\t<\/div>\n\t\t<\/section>\n\t\t\t\t\t<\/div>\n\t\t<\/div>\n\t\t\t\t\t<\/div>\n\t\t<\/section>\n\t\t\t\t<section class=\"elementor-section elementor-top-section elementor-element elementor-element-3a6ae04 elementor-section-height-min-height elementor-section-boxed elementor-section-height-default elementor-section-items-middle wpr-particle-no wpr-jarallax-no wpr-parallax-no wpr-sticky-section-no\" data-id=\"3a6ae04\" data-element_type=\"section\" data-settings=\"{&quot;background_background&quot;:&quot;classic&quot;}\">\n\t\t\t\t\t\t<div class=\"elementor-container elementor-column-gap-default\">\n\t\t\t\t\t<div class=\"elementor-column elementor-col-50 elementor-top-column elementor-element elementor-element-4a16111 elementor-invisible\" data-id=\"4a16111\" data-element_type=\"column\" data-settings=\"{&quot;animation&quot;:&quot;fadeIn&quot;}\">\n\t\t\t<div class=\"elementor-widget-wrap elementor-element-populated\">\n\t\t\t\t\t\t<div class=\"elementor-element elementor-element-1b8e50d wpr-fancy-text-rotate-1 wpr-advanced-text-style-animated wpr-animated-text-infinite-yes elementor-widget elementor-widget-wpr-advanced-text\" data-id=\"1b8e50d\" data-element_type=\"widget\" data-settings=\"{&quot;anim_loop&quot;:&quot;yes&quot;}\" data-widget_type=\"wpr-advanced-text.default\">\n\t\t\t\t\t\n\t\t<h3 class=\"wpr-advanced-text\">\n\n\t\t\t\t\t\n\t\t\t\t\t\t\t<span class=\"wpr-advanced-text-preffix\">AI Security<\/span>\n\t\t\t\n\t\t<span class=\"wpr-anim-text wpr-anim-text-type-rotate-1\" data-anim-duration=\"1000,2000\" data-anim-loop=\"yes\">\n\t\t\t<span class=\"wpr-anim-text-inner\">\n\t\t\t\t\t\t\t<\/span>\n\t\t\t\t\t<\/span>\n\n\t\t\t\t\n\t\t<\/h3>\n\t\t\n\t\t\t\t\t\t<\/div>\n\t\t\t\t<div class=\"elementor-element elementor-element-b66223c elementor-widget elementor-widget-text-editor\" data-id=\"b66223c\" data-element_type=\"widget\" data-widget_type=\"text-editor.default\">\n\t\t\t\t\t\t\t\t\t<p>Our portfolio's F5 AI Guardrails makes GenAI\/LLM usage secure, traceable, and compliant for organizations. It visualizes risks throughout the application lifecycle (design, development, testing, prod), catches errors early with automated controls, and enables security teams to take faster action.<\/p>\t\t\t\t\t\t\t\t<\/div>\n\t\t\t\t<div class=\"elementor-element elementor-element-b6c6423 wpr-button-icon-style-inline wpr-button-icon-position-right elementor-widget elementor-widget-wpr-button\" data-id=\"b6c6423\" data-element_type=\"widget\" data-widget_type=\"wpr-button.default\">\n\t\t\t\t\t\t\n\t\t\t\n\t\t\n\t\t<div class=\"wpr-button-wrap elementor-clearfix\">\n\t\t<a class=\"wpr-button wpr-button-effect wpr-button-none\" data-text=\"\" href=\"\/en\/contact\/\">\n\t\t\t\n\t\t\t<span class=\"wpr-button-content\">\n\t\t\t\t\t\t\t\t\t<span class=\"wpr-button-text\">Contact Us<\/span>\n\t\t\t\t\t\t\t\t\n\t\t\t\t\t\t\t<\/span>\n\t\t<\/a>\n\n\t\t\t\t<\/div>\n\t\n\t\n\t\t\t\t\t<\/div>\n\t\t\t\t\t<\/div>\n\t\t<\/div>\n\t\t\t\t<div class=\"elementor-column elementor-col-50 elementor-top-column elementor-element elementor-element-bf77257\" data-id=\"bf77257\" data-element_type=\"column\" data-settings=\"{&quot;background_background&quot;:&quot;classic&quot;}\">\n\t\t\t<div class=\"elementor-widget-wrap elementor-element-populated\">\n\t\t\t\t\t\t<div class=\"elementor-element elementor-element-d4ea4bb wpr-feature-list-left wpr-feature-list-square elementor-widget elementor-widget-wpr-feature-list\" data-id=\"d4ea4bb\" data-element_type=\"widget\" data-widget_type=\"wpr-feature-list.default\">\n\t\t\t\t\t<div class=\"wpr-feature-list-wrap\"><ul class=\"wpr-feature-list\"><li class=\"wpr-feature-list-item elementor-repeater-item-30940b8\"><div class=\"wpr-feature-list-icon-wrap\"><span class=\"wpr-feature-list-line\"><\/span><div class=\"wpr-feature-list-icon-inner-wrap\"><svg aria-hidden=\"true\" class=\"e-font-icon-svg e-fas-brain\" viewbox=\"0 0 576 512\" xmlns=\"http:\/\/www.w3.org\/2000\/svg\"><path d=\"M208 0c-29.9 0-54.7 20.5-61.8 48.2-.8 0-1.4-.2-2.2-.2-35.3 0-64 28.7-64 64 0 4.8.6 9.5 1.7 14C52.5 138 32 166.6 32 200c0 12.6 3.2 24.3 8.3 34.9C16.3 248.7 0 274.3 0 304c0 33.3 20.4 61.9 49.4 73.9-.9 4.6-1.4 9.3-1.4 14.1 0 39.8 32.2 72 72 72 4.1 0 8.1-.5 12-1.2 9.6 28.5 36.2 49.2 68 49.2 39.8 0 72-32.2 72-72V64c0-35.3-28.7-64-64-64zm368 304c0-29.7-16.3-55.3-40.3-69.1 5.2-10.6 8.3-22.3 8.3-34.9 0-33.4-20.5-62-49.7-74 1-4.5 1.7-9.2 1.7-14 0-35.3-28.7-64-64-64-.8 0-1.5.2-2.2.2C422.7 20.5 397.9 0 368 0c-35.3 0-64 28.6-64 64v376c0 39.8 32.2 72 72 72 31.8 0 58.4-20.7 68-49.2 3.9.7 7.9 1.2 12 1.2 39.8 0 72-32.2 72-72 0-4.8-.5-9.5-1.4-14.1 29-12 49.4-40.6 49.4-73.9z\"><\/path><\/svg><\/div><\/div><div class=\"wpr-feature-list-content-wrap\"><h2 class=\"wpr-feature-list-title\"><a class=\"wpr-feature-list-url\" target=\"_blank\" rel=\"nofollow\">F5 AI Guardrails<\/a><\/h2><p class=\"wpr-feature-list-description\"><\/p><\/div><\/li><\/ul><\/div>\t\t\t\t<\/div>\n\t\t\t\t\t<\/div>\n\t\t<\/div>\n\t\t\t\t\t<\/div>\n\t\t<\/section>\n\t\t\t\t<section class=\"elementor-section elementor-top-section elementor-element elementor-element-d70467c elementor-section-boxed elementor-section-height-default elementor-section-height-default wpr-particle-no wpr-jarallax-no wpr-parallax-no wpr-sticky-section-no\" data-id=\"d70467c\" data-element_type=\"section\" data-settings=\"{&quot;background_background&quot;:&quot;classic&quot;,&quot;shape_divider_top&quot;:&quot;curve&quot;,&quot;shape_divider_bottom&quot;:&quot;curve&quot;,&quot;section_parallax_on&quot;:&quot;yes&quot;,&quot;section_parallax_x_value&quot;:{&quot;unit&quot;:&quot;px&quot;,&quot;size&quot;:&quot;&quot;,&quot;sizes&quot;:[]},&quot;section_parallax_value&quot;:{&quot;unit&quot;:&quot;px&quot;,&quot;size&quot;:-200,&quot;sizes&quot;:[]}}\">\n\t\t\t\t\t\t\t<div class=\"elementor-background-overlay\"><\/div>\n\t\t\t\t\t\t<div class=\"elementor-shape elementor-shape-top\" aria-hidden=\"true\" data-negative=\"false\">\n\t\t\t<svg xmlns=\"http:\/\/www.w3.org\/2000\/svg\" viewbox=\"0 0 1000 100\" preserveaspectratio=\"none\">\n    <path class=\"elementor-shape-fill\" d=\"M1000,4.3V0H0v4.3C0.9,23.1,126.7,99.2,500,100S1000,22.7,1000,4.3z\"\/>\n<\/svg>\t\t<\/div>\n\t\t\t\t<div class=\"elementor-shape elementor-shape-bottom\" aria-hidden=\"true\" data-negative=\"false\">\n\t\t\t<svg xmlns=\"http:\/\/www.w3.org\/2000\/svg\" viewbox=\"0 0 1000 100\" preserveaspectratio=\"none\">\n    <path class=\"elementor-shape-fill\" d=\"M1000,4.3V0H0v4.3C0.9,23.1,126.7,99.2,500,100S1000,22.7,1000,4.3z\"\/>\n<\/svg>\t\t<\/div>\n\t\t\t\t\t<div class=\"elementor-container elementor-column-gap-default\">\n\t\t\t\t\t<div class=\"elementor-column elementor-col-100 elementor-top-column elementor-element elementor-element-17b31e4\" data-id=\"17b31e4\" data-element_type=\"column\">\n\t\t\t<div class=\"elementor-widget-wrap elementor-element-populated\">\n\t\t\t\t\t\t<div class=\"elementor-element elementor-element-d347d82 elementor-widget elementor-widget-heading\" data-id=\"d347d82\" data-element_type=\"widget\" data-widget_type=\"heading.default\">\n\t\t\t\t\t<h2 class=\"elementor-heading-title elementor-size-default\">Our Solutions<\/h2>\t\t\t\t<\/div>\n\t\t\t\t<div class=\"elementor-element elementor-element-3fba47f elementor-widget-divider--view-line elementor-widget elementor-widget-divider\" data-id=\"3fba47f\" data-element_type=\"widget\" data-widget_type=\"divider.default\">\n\t\t\t\t\t\t\t<div class=\"elementor-divider\">\n\t\t\t<span class=\"elementor-divider-separator\">\n\t\t\t\t\t\t<\/span>\n\t\t<\/div>\n\t\t\t\t\t\t<\/div>\n\t\t\t\t<section class=\"elementor-section elementor-inner-section elementor-element elementor-element-5eee2b6 elementor-section-boxed elementor-section-height-default elementor-section-height-default wpr-particle-no wpr-jarallax-no wpr-parallax-no wpr-sticky-section-no\" data-id=\"5eee2b6\" data-element_type=\"section\">\n\t\t\t\t\t\t<div class=\"elementor-container elementor-column-gap-default\">\n\t\t\t\t\t<div class=\"elementor-column elementor-col-33 elementor-inner-column elementor-element elementor-element-a94af39\" data-id=\"a94af39\" data-element_type=\"column\">\n\t\t\t<div class=\"elementor-widget-wrap elementor-element-populated\">\n\t\t\t\t\t\t<div class=\"elementor-element elementor-element-a0e1447 wpr-promo-box-style-cover elementor-invisible elementor-widget elementor-widget-wpr-promo-box\" data-id=\"a0e1447\" data-element_type=\"widget\" data-settings=\"{&quot;_animation&quot;:&quot;zoomIn&quot;,&quot;_animation_delay&quot;:100}\" data-widget_type=\"wpr-promo-box.default\">\n\t\t\t\t\t\n\t\t<div class=\"wpr-promo-box wpr-animation-wrap\">\n\n\t\t\t\t\t\t\t\n\t\t\t\t\t\t\n\t\t\t<div class=\"wpr-promo-box-content\">\n\n\t\t\t\t\t\t\t\t<div class=\"wpr-promo-box-icon\">\n\t\t\t\t\t\t\t\t\t\t\t<i class=\"fas fa-brain\"><\/i>\n\t\t\t\t\t\t\t\t\t<\/div>\n\t\t\t\t\n\t\t\t\t<h3 class=\"wpr-promo-box-title\"><span>F5 AI Guardrails<\/span><\/h3>\n\t\t\t\t\t\t\t\t\t<div class=\"wpr-promo-box-description\">\n\t\t\t\t\t\t<p><p>F5 AI Guardrails is an adaptive security platform that provides real-time threat defense, red-teaming, compliance, and auditability for generative AI systems. It offers protection at the inference layer for applications and AI agents.<\/p><\/p>\t\n\t\t\t\t\t<\/div>\t\t\t\t\t\t\n\t\t\t\t\n\t\t\t\t\t\t\t\t\t<div class=\"wpr-promo-box-btn-wrap\">\n\t\t\t\t\t\t<a class=\"wpr-promo-box-btn\" href=\"\/en\/f5-ai-guardrails\/\">\n\n\t\t\t\t\t\t\t\t\t\t\t\t\t\t<span class=\"wpr-promo-box-btn-text\">More Information<\/span>\t\t\n\t\t\t\t\t\t\t\n\t\t\t\t\t\t\t\t\t\t\t\t\t<\/a>\n\t\t\t\t\t<\/div>\t\n\t\t\t\t\t\t\t<\/div>\n\n\t\t\t\t\t<\/div>\n\n\t\t\t\t\t\t<\/div>\n\t\t\t\t\t<\/div>\n\t\t<\/div>\n\t\t\t\t<div class=\"elementor-column elementor-col-33 elementor-inner-column elementor-element elementor-element-c0ddced\" data-id=\"c0ddced\" data-element_type=\"column\">\n\t\t\t<div class=\"elementor-widget-wrap\">\n\t\t\t\t\t\t\t<\/div>\n\t\t<\/div>\n\t\t\t\t<div class=\"elementor-column elementor-col-33 elementor-inner-column elementor-element elementor-element-85e17e3\" data-id=\"85e17e3\" data-element_type=\"column\">\n\t\t\t<div class=\"elementor-widget-wrap\">\n\t\t\t\t\t\t\t<\/div>\n\t\t<\/div>\n\t\t\t\t\t<\/div>\n\t\t<\/section>\n\t\t\t\t\t<\/div>\n\t\t<\/div>\n\t\t\t\t\t<\/div>\n\t\t<\/section>\n\t\t\t\t<section class=\"elementor-section elementor-top-section elementor-element elementor-element-b9dfe32 elementor-section-stretched elementor-section-boxed elementor-section-height-default elementor-section-height-default wpr-particle-no wpr-jarallax-no wpr-parallax-no wpr-sticky-section-no\" data-id=\"b9dfe32\" data-element_type=\"section\" data-settings=\"{&quot;background_background&quot;:&quot;gradient&quot;,&quot;stretch_section&quot;:&quot;section-stretched&quot;}\">\n\t\t\t\t\t\t<div class=\"elementor-container elementor-column-gap-default\">\n\t\t\t\t\t<div class=\"elementor-column elementor-col-100 elementor-top-column elementor-element elementor-element-156a0c5 bdt-backdrop-filter-yes bdt-filter-backdrop\" data-id=\"156a0c5\" data-element_type=\"column\">\n\t\t\t<div class=\"elementor-widget-wrap elementor-element-populated\">\n\t\t\t\t\t<div class=\"elementor-background-overlay\"><\/div>\n\t\t\t\t\t\t<div class=\"elementor-element elementor-element-54bf59f elementor-widget elementor-widget-heading\" data-id=\"54bf59f\" data-element_type=\"widget\" data-widget_type=\"heading.default\">\n\t\t\t\t\t<h2 class=\"elementor-heading-title elementor-size-default\">Let's Build Your Cyber Security Together!<\/h2>\t\t\t\t<\/div>\n\t\t\t\t<div class=\"elementor-element elementor-element-e4ad4b4 elementor-widget elementor-widget-text-editor\" data-id=\"e4ad4b4\" data-element_type=\"widget\" data-widget_type=\"text-editor.default\">\n\t\t\t\t\t\t\t\t\t<p>Let's analyze your needs and requirements together and configure the security architecture specific to your organization.<\/p>\t\t\t\t\t\t\t\t<\/div>\n\t\t\t\t<div class=\"elementor-element elementor-element-7bcb1f9 wpr-button-icon-position-left wpr-button-icon-style-inline elementor-widget elementor-widget-wpr-button\" data-id=\"7bcb1f9\" data-element_type=\"widget\" data-widget_type=\"wpr-button.default\">\n\t\t\t\t\t\t\n\t\t\t\n\t\t\n\t\t<div class=\"wpr-button-wrap elementor-clearfix\">\n\t\t<a class=\"wpr-button wpr-button-effect wpr-button-back-pulse\" data-text=\"\" href=\"\/en\/contact\/\">\n\t\t\t\n\t\t\t<span class=\"wpr-button-content\">\n\t\t\t\t\t\t\t\t\t<span class=\"wpr-button-text\">Contact Us<\/span>\n\t\t\t\t\t\t\t\t\n\t\t\t\t\t\t\t\t\t<span class=\"wpr-button-icon\"><i class=\"ion ion-email\"><\/i><\/span>\n\t\t\t\t\t\t\t<\/span>\n\t\t<\/a>\n\n\t\t\t\t<\/div>\n\t\n\t\n\t\t\t\t\t<\/div>\n\t\t\t\t\t<\/div>\n\t\t<\/div>\n\t\t\t\t\t<\/div>\n\t\t<\/section>\n\t\t\t\t<\/div>","protected":false},"excerpt":{"rendered":"<p>AI G\u00fcvenli\u011fi \u00c7\u00f6z\u00fcmleri Portf\u00f6y\u00fcm\u00fczdeki AI g\u00fcvenlik \u00e7\u00f6z\u00fcmleri, kurumlar\u0131n GenAI\/LLM kullan\u0131m\u0131n\u0131 ve g\u00fcvenli, izlenebilir ve uyumlu h\u00e2le getirir. \u0130leti\u015fime Ge\u00e7 API Ke\u015ffi ve G\u00fcvenlik Testleri T\u00fcm ortamlar\u0131n\u0131zda (prod\/dev) canl\u0131 API envanterini otomatik \u00e7\u0131karma; OWASP API Top 10 ba\u015fta olmak \u00fczere g\u00fcvenlik testleri ve hatal\u0131 yap\u0131land\u0131rma tespiti; hassas veri ak\u0131\u015flar\u0131n\u0131 i\u015faretleme. LLM\/GenAI G\u00fcvenli\u011fi ve Politikalar\u0131 Prompt\/injection, veri s\u0131z\u0131nt\u0131s\u0131 ve yanl\u0131 \u00e7\u0131kt\u0131lara kar\u015f\u0131 koruma; g\u00fcvenlik politikalar\u0131 ve \u201cguardrail\u201d kurallar\u0131yla istenmeyen cevaplar\u0131 otomatik engelleme; kullan\u0131m telemetrisi ve risk skorlar\u0131yla detayl\u0131 g\u00f6r\u00fcn\u00fcrl\u00fck. S\u00fcre\u00e7 Entegrasyonu ve Uyum CI\/CD hatlar\u0131na entegrasyonla \u201cshift-left\u201d g\u00fcvenlik; KVKK\/GDPR uyumlulu\u011fu i\u00e7in delillendirilebilir raporlar; SIEM\/ITSM entegrasyonlar\u0131yla tek ekrandan takip ve biletleme. AI G\u00fcvenli\u011fi Portf\u00f6y\u00fcm\u00fczdeki F5 AI Guardrails, kurumlar\u0131n GenAI\/LLM kullan\u0131m\u0131n\u0131 g\u00fcvenli, izlenebilir ve uyumlu h\u00e2le getirir. Uygulama ya\u015fam d\u00f6ng\u00fcs\u00fc boyunca (tasar\u0131m, geli\u015ftirme, test, prod) riskleri g\u00f6r\u00fcn\u00fcr k\u0131lar, otomatik kontrollerle hatalar\u0131 erkenden yakalar ve g\u00fcvenlik ekiplerinin daha h\u0131zl\u0131 aksiyon almas\u0131n\u0131 sa\u011flar. \u0130leti\u015fime Ge\u00e7 F5 AI Guardrails \u00c7\u00f6z\u00fcmlerimiz F5 AI Guardrails F5 AI Guardrails, gen yapay zek\u00e2 (Generative AI) sistemleri i\u00e7in ger\u00e7ek zamanl\u0131 tehdit savunmas\u0131, test (red-team), uyumluluk ve izlenebilirlik sa\u011flayan adaptif bir g\u00fcvenlik platformudur. Uygulamalar ve \u201cagent\u201d (yapay ajanlar) i\u00e7in inference katman\u0131nda koruma sunar. Daha Fazla Bilgi Siber G\u00fcvenli\u011finizi Birlikte \u0130n\u015fa Edelim! \u0130htiya\u00e7 ve gereksinimlerinizi birlikte analiz edelim, kurumunuza \u00f6zel g\u00fcvenlik mimarisini birlikte yap\u0131land\u0131ral\u0131m. \u0130leti\u015fime Ge\u00e7<\/p>","protected":false},"author":3,"featured_media":0,"parent":0,"menu_order":0,"comment_status":"closed","ping_status":"closed","template":"elementor_header_footer","meta":{"_acf_changed":false,"om_disable_all_campaigns":false,"_monsterinsights_skip_tracking":false,"_monsterinsights_sitenote_active":false,"_monsterinsights_sitenote_note":"","_monsterinsights_sitenote_category":0,"footnotes":""},"class_list":["post-9282","page","type-page","status-publish","hentry"],"acf":[],"aioseo_notices":[],"_links":{"self":[{"href":"https:\/\/detech.com.tr\/en\/wp-json\/wp\/v2\/pages\/9282","targetHints":{"allow":["GET"]}}],"collection":[{"href":"https:\/\/detech.com.tr\/en\/wp-json\/wp\/v2\/pages"}],"about":[{"href":"https:\/\/detech.com.tr\/en\/wp-json\/wp\/v2\/types\/page"}],"author":[{"embeddable":true,"href":"https:\/\/detech.com.tr\/en\/wp-json\/wp\/v2\/users\/3"}],"replies":[{"embeddable":true,"href":"https:\/\/detech.com.tr\/en\/wp-json\/wp\/v2\/comments?post=9282"}],"version-history":[{"count":61,"href":"https:\/\/detech.com.tr\/en\/wp-json\/wp\/v2\/pages\/9282\/revisions"}],"predecessor-version":[{"id":12794,"href":"https:\/\/detech.com.tr\/en\/wp-json\/wp\/v2\/pages\/9282\/revisions\/12794"}],"wp:attachment":[{"href":"https:\/\/detech.com.tr\/en\/wp-json\/wp\/v2\/media?parent=9282"}],"curies":[{"name":"wp","href":"https:\/\/api.w.org\/{rel}","templated":true}]}}