{"id":8233,"date":"2020-11-14T09:09:47","date_gmt":"2020-11-14T09:09:47","guid":{"rendered":"http:\/\/finix.powersquall.com\/?page_id=9"},"modified":"2025-11-22T10:52:44","modified_gmt":"2025-11-22T10:52:44","slug":"why-we","status":"publish","type":"page","link":"https:\/\/detech.com.tr\/en\/why-we\/","title":{"rendered":"Why Us?"},"content":{"rendered":"<div data-elementor-type=\"wp-page\" data-elementor-id=\"8233\" class=\"elementor elementor-8233\" data-elementor-settings=\"{&quot;element_pack_global_tooltip_width&quot;:{&quot;unit&quot;:&quot;px&quot;,&quot;size&quot;:&quot;&quot;,&quot;sizes&quot;:[]},&quot;element_pack_global_tooltip_width_tablet&quot;:{&quot;unit&quot;:&quot;px&quot;,&quot;size&quot;:&quot;&quot;,&quot;sizes&quot;:[]},&quot;element_pack_global_tooltip_width_mobile&quot;:{&quot;unit&quot;:&quot;px&quot;,&quot;size&quot;:&quot;&quot;,&quot;sizes&quot;:[]},&quot;element_pack_global_tooltip_padding&quot;:{&quot;unit&quot;:&quot;px&quot;,&quot;top&quot;:&quot;&quot;,&quot;right&quot;:&quot;&quot;,&quot;bottom&quot;:&quot;&quot;,&quot;left&quot;:&quot;&quot;,&quot;isLinked&quot;:true},&quot;element_pack_global_tooltip_padding_tablet&quot;:{&quot;unit&quot;:&quot;px&quot;,&quot;top&quot;:&quot;&quot;,&quot;right&quot;:&quot;&quot;,&quot;bottom&quot;:&quot;&quot;,&quot;left&quot;:&quot;&quot;,&quot;isLinked&quot;:true},&quot;element_pack_global_tooltip_padding_mobile&quot;:{&quot;unit&quot;:&quot;px&quot;,&quot;top&quot;:&quot;&quot;,&quot;right&quot;:&quot;&quot;,&quot;bottom&quot;:&quot;&quot;,&quot;left&quot;:&quot;&quot;,&quot;isLinked&quot;:true},&quot;element_pack_global_tooltip_border_radius&quot;:{&quot;unit&quot;:&quot;px&quot;,&quot;top&quot;:&quot;&quot;,&quot;right&quot;:&quot;&quot;,&quot;bottom&quot;:&quot;&quot;,&quot;left&quot;:&quot;&quot;,&quot;isLinked&quot;:true},&quot;element_pack_global_tooltip_border_radius_tablet&quot;:{&quot;unit&quot;:&quot;px&quot;,&quot;top&quot;:&quot;&quot;,&quot;right&quot;:&quot;&quot;,&quot;bottom&quot;:&quot;&quot;,&quot;left&quot;:&quot;&quot;,&quot;isLinked&quot;:true},&quot;element_pack_global_tooltip_border_radius_mobile&quot;:{&quot;unit&quot;:&quot;px&quot;,&quot;top&quot;:&quot;&quot;,&quot;right&quot;:&quot;&quot;,&quot;bottom&quot;:&quot;&quot;,&quot;left&quot;:&quot;&quot;,&quot;isLinked&quot;:true}}\" data-elementor-post-type=\"page\">\n\t\t\t\t\t\t<section class=\"elementor-section elementor-top-section elementor-element elementor-element-413bdc370 elementor-section-boxed elementor-section-height-default elementor-section-height-default wpr-particle-no wpr-jarallax-no wpr-parallax-no wpr-sticky-section-no\" data-id=\"413bdc370\" data-element_type=\"section\" data-settings=\"{&quot;background_background&quot;:&quot;gradient&quot;,&quot;shape_divider_bottom&quot;:&quot;triangle-asymmetrical&quot;,&quot;shape_divider_bottom_negative&quot;:&quot;yes&quot;}\">\n\t\t\t\t\t<div class=\"elementor-shape elementor-shape-bottom\" aria-hidden=\"true\" data-negative=\"true\">\n\t\t\t<svg xmlns=\"http:\/\/www.w3.org\/2000\/svg\" viewbox=\"0 0 1000 100\" preserveaspectratio=\"none\">\n\t<path class=\"elementor-shape-fill\" d=\"M737.9,94.7L0,0v100h1000V0L737.9,94.7z\"\/>\n<\/svg>\t\t<\/div>\n\t\t\t\t\t<div class=\"elementor-container elementor-column-gap-default\">\n\t\t\t\t\t<div class=\"elementor-column elementor-col-100 elementor-top-column elementor-element elementor-element-732725f5\" data-id=\"732725f5\" data-element_type=\"column\">\n\t\t\t<div class=\"elementor-widget-wrap elementor-element-populated\">\n\t\t\t\t\t\t<div class=\"elementor-element elementor-element-47ee6b5a elementor-widget elementor-widget-heading\" data-id=\"47ee6b5a\" data-element_type=\"widget\" data-widget_type=\"heading.default\">\n\t\t\t\t\t<h2 class=\"elementor-heading-title elementor-size-default\">Designing the Digital Security of the Future Today<\/h2>\t\t\t\t<\/div>\n\t\t\t\t<div class=\"elementor-element elementor-element-12ee3d54 elementor-widget-divider--view-line elementor-widget elementor-widget-divider\" data-id=\"12ee3d54\" data-element_type=\"widget\" data-widget_type=\"divider.default\">\n\t\t\t\t\t\t\t<div class=\"elementor-divider\">\n\t\t\t<span class=\"elementor-divider-separator\">\n\t\t\t\t\t\t<\/span>\n\t\t<\/div>\n\t\t\t\t\t\t<\/div>\n\t\t\t\t<div class=\"elementor-element elementor-element-38c20923 elementor-widget elementor-widget-text-editor\" data-id=\"38c20923\" data-element_type=\"widget\" data-widget_type=\"text-editor.default\">\n\t\t\t\t\t\t\t\t\tWe are a distributor that focuses on people, differentiates with knowledge and offers technological solutions that add value to institutions.\t\t\t\t\t\t\t\t<\/div>\n\t\t\t\t\t<\/div>\n\t\t<\/div>\n\t\t\t\t\t<\/div>\n\t\t<\/section>\n\t\t\t\t<section class=\"elementor-section elementor-top-section elementor-element elementor-element-7112d9c elementor-section-content-middle bdt-backdrop-filter-yes elementor-section-boxed elementor-section-height-default elementor-section-height-default bdt-filter-backdrop wpr-particle-no wpr-jarallax-no wpr-parallax-no wpr-sticky-section-no\" data-id=\"7112d9c\" data-element_type=\"section\" data-settings=\"{&quot;background_background&quot;:&quot;classic&quot;}\">\n\t\t\t\t\t\t<div class=\"elementor-container elementor-column-gap-default\">\n\t\t\t\t\t<div class=\"elementor-column elementor-col-50 elementor-top-column elementor-element elementor-element-bcc2f7a\" data-id=\"bcc2f7a\" data-element_type=\"column\" data-settings=\"{&quot;background_background&quot;:&quot;classic&quot;}\">\n\t\t\t<div class=\"elementor-widget-wrap\">\n\t\t\t\t\t\t\t<\/div>\n\t\t<\/div>\n\t\t\t\t<div class=\"elementor-column elementor-col-50 elementor-top-column elementor-element elementor-element-b35c5cd elementor-invisible\" data-id=\"b35c5cd\" data-element_type=\"column\" data-settings=\"{&quot;animation&quot;:&quot;fadeInRight&quot;}\">\n\t\t\t<div class=\"elementor-widget-wrap elementor-element-populated\">\n\t\t\t\t\t\t<div class=\"elementor-element elementor-element-8510c8c elementor-widget elementor-widget-heading\" data-id=\"8510c8c\" data-element_type=\"widget\" data-widget_type=\"heading.default\">\n\t\t\t\t\t<h2 class=\"elementor-heading-title elementor-size-default\">Who Are We?<\/h2>\t\t\t\t<\/div>\n\t\t\t\t<div class=\"elementor-element elementor-element-f9ddcb0 elementor-widget elementor-widget-text-editor\" data-id=\"f9ddcb0\" data-element_type=\"widget\" data-widget_type=\"text-editor.default\">\n\t\t\t\t\t\t\t\t\t<p>Founded in 2002, Detech is one of Turkey's leading solution providers and a trusted business partner in the digital transformation journey of organizations with its staff specialized in cyber security, innovative and people-oriented approach.<\/p><p>Detech is a company that treats security as a value, not a technology.<br \/>Since the day we were founded, our goal is not only to provide solutions to organizations, but also to shape their transformation journeys with confidence.<\/p><p>Since the day we were founded, we aim to achieve sustainable and manageable growth with our governance-oriented corporate structure and to create happy and competent employees with our individual development-oriented approach.<\/p><p>\u201cOur \u201dDesigning the Technology\" approach is not only about delivering technology, but also for our partners and customers;<br \/>\u201cIt reflects our vision of being a reliable and long-term partner at all stages, \u201dfrom choosing the right technology, to managing integration processes, to providing long-term support\".<\/p>\t\t\t\t\t\t\t\t<\/div>\n\t\t\t\t\t<\/div>\n\t\t<\/div>\n\t\t\t\t\t<\/div>\n\t\t<\/section>\n\t\t\t\t<section class=\"elementor-section elementor-top-section elementor-element elementor-element-9727fd2 elementor-section-boxed elementor-section-height-default elementor-section-height-default wpr-particle-no wpr-jarallax-no wpr-parallax-no wpr-sticky-section-no\" data-id=\"9727fd2\" data-element_type=\"section\" data-settings=\"{&quot;background_background&quot;:&quot;classic&quot;}\">\n\t\t\t\t\t\t<div class=\"elementor-container elementor-column-gap-default\">\n\t\t\t\t\t<div class=\"elementor-column elementor-col-100 elementor-top-column elementor-element elementor-element-7c48e04b\" data-id=\"7c48e04b\" data-element_type=\"column\">\n\t\t\t<div class=\"elementor-widget-wrap elementor-element-populated\">\n\t\t\t\t\t\t<section class=\"elementor-section elementor-inner-section elementor-element elementor-element-5b5b0af elementor-section-boxed elementor-section-height-default elementor-section-height-default wpr-particle-no wpr-jarallax-no wpr-parallax-no wpr-sticky-section-no elementor-invisible\" data-id=\"5b5b0af\" data-element_type=\"section\" data-settings=\"{&quot;animation&quot;:&quot;fadeInDown&quot;}\">\n\t\t\t\t\t\t<div class=\"elementor-container elementor-column-gap-default\">\n\t\t\t\t\t<div class=\"elementor-column elementor-col-50 elementor-inner-column elementor-element elementor-element-9739c84\" data-id=\"9739c84\" data-element_type=\"column\" data-settings=\"{&quot;background_background&quot;:&quot;classic&quot;}\">\n\t\t\t<div class=\"elementor-widget-wrap elementor-element-populated\">\n\t\t\t\t\t\t<div class=\"elementor-element elementor-element-fff4db5 elementor-view-default elementor-widget elementor-widget-icon\" data-id=\"fff4db5\" data-element_type=\"widget\" data-widget_type=\"icon.default\">\n\t\t\t\t\t\t\t<div class=\"elementor-icon-wrapper\">\n\t\t\t<div class=\"elementor-icon\">\n\t\t\t<i aria-hidden=\"true\" class=\"glyph-icon flaticon-target\"><\/i>\t\t\t<\/div>\n\t\t<\/div>\n\t\t\t\t\t\t<\/div>\n\t\t\t\t<div class=\"elementor-element elementor-element-224674e elementor-widget elementor-widget-heading\" data-id=\"224674e\" data-element_type=\"widget\" data-widget_type=\"heading.default\">\n\t\t\t\t\t<h6 class=\"elementor-heading-title elementor-size-default\">Our Mission<\/h6>\t\t\t\t<\/div>\n\t\t\t\t<div class=\"elementor-element elementor-element-1e91154 elementor-widget elementor-widget-text-editor\" data-id=\"1e91154\" data-element_type=\"widget\" data-widget_type=\"text-editor.default\">\n\t\t\t\t\t\t\t\t\tTo provide the most appropriate and optimum solutions to the cyber security problems and needs of all companies and organizations in Turkey.\nTo contribute to the creation of secure, sustainable and efficient digital ecosystems.\n\t\t\t\t\t\t\t\t<\/div>\n\t\t\t\t\t<\/div>\n\t\t<\/div>\n\t\t\t\t<div class=\"elementor-column elementor-col-50 elementor-inner-column elementor-element elementor-element-74bb2ed\" data-id=\"74bb2ed\" data-element_type=\"column\" data-settings=\"{&quot;background_background&quot;:&quot;classic&quot;}\">\n\t\t\t<div class=\"elementor-widget-wrap elementor-element-populated\">\n\t\t\t\t\t\t<div class=\"elementor-element elementor-element-3163ba3 elementor-view-default elementor-widget elementor-widget-icon\" data-id=\"3163ba3\" data-element_type=\"widget\" data-widget_type=\"icon.default\">\n\t\t\t\t\t\t\t<div class=\"elementor-icon-wrapper\">\n\t\t\t<div class=\"elementor-icon\">\n\t\t\t<i aria-hidden=\"true\" class=\"glyph-icon flaticon-badge\"><\/i>\t\t\t<\/div>\n\t\t<\/div>\n\t\t\t\t\t\t<\/div>\n\t\t\t\t<div class=\"elementor-element elementor-element-45f1e05 elementor-widget elementor-widget-heading\" data-id=\"45f1e05\" data-element_type=\"widget\" data-widget_type=\"heading.default\">\n\t\t\t\t\t<h6 class=\"elementor-heading-title elementor-size-default\">Our Vision<\/h6>\t\t\t\t<\/div>\n\t\t\t\t<div class=\"elementor-element elementor-element-faf982d elementor-widget elementor-widget-text-editor\" data-id=\"faf982d\" data-element_type=\"widget\" data-widget_type=\"text-editor.default\">\n\t\t\t\t\t\t\t\t\t<p>To ensure sustainable, manageable, profitable growth and to become the industry leader in the field of cyber security by adopting corporate governance and common sense approach.<\/p>\t\t\t\t\t\t\t\t<\/div>\n\t\t\t\t\t<\/div>\n\t\t<\/div>\n\t\t\t\t\t<\/div>\n\t\t<\/section>\n\t\t\t\t\t<\/div>\n\t\t<\/div>\n\t\t\t\t\t<\/div>\n\t\t<\/section>\n\t\t\t\t<section class=\"elementor-section elementor-top-section elementor-element elementor-element-0141792 elementor-section-stretched elementor-section-boxed elementor-section-height-default elementor-section-height-default wpr-particle-no wpr-jarallax-no wpr-parallax-no wpr-sticky-section-no\" data-id=\"0141792\" data-element_type=\"section\" data-settings=\"{&quot;background_background&quot;:&quot;gradient&quot;,&quot;stretch_section&quot;:&quot;section-stretched&quot;}\">\n\t\t\t\t\t\t<div class=\"elementor-container elementor-column-gap-default\">\n\t\t\t\t\t<div class=\"elementor-column elementor-col-100 elementor-top-column elementor-element elementor-element-b7e437f bdt-backdrop-filter-yes bdt-filter-backdrop\" data-id=\"b7e437f\" data-element_type=\"column\">\n\t\t\t<div class=\"elementor-widget-wrap elementor-element-populated\">\n\t\t\t\t\t<div class=\"elementor-background-overlay\"><\/div>\n\t\t\t\t\t\t<div class=\"elementor-element elementor-element-cb73eaf elementor-widget elementor-widget-heading\" data-id=\"cb73eaf\" data-element_type=\"widget\" data-widget_type=\"heading.default\">\n\t\t\t\t\t<h2 class=\"elementor-heading-title elementor-size-default\">Let's Build Your Cyber Security Together!<\/h2>\t\t\t\t<\/div>\n\t\t\t\t<div class=\"elementor-element elementor-element-7ea25a0 elementor-widget elementor-widget-text-editor\" data-id=\"7ea25a0\" data-element_type=\"widget\" data-widget_type=\"text-editor.default\">\n\t\t\t\t\t\t\t\t\t<p>Let's analyze your needs and requirements together and configure the security architecture specific to your organization.<\/p>\t\t\t\t\t\t\t\t<\/div>\n\t\t\t\t<div class=\"elementor-element elementor-element-108b654 wpr-button-icon-position-left wpr-button-icon-style-inline elementor-widget elementor-widget-wpr-button\" data-id=\"108b654\" data-element_type=\"widget\" data-widget_type=\"wpr-button.default\">\n\t\t\t\t\t\t\n\t\t\t\n\t\t\n\t\t<div class=\"wpr-button-wrap elementor-clearfix\">\n\t\t<a class=\"wpr-button wpr-button-effect wpr-button-back-pulse\" data-text=\"\" href=\"\/en\/contact\/\">\n\t\t\t\n\t\t\t<span class=\"wpr-button-content\">\n\t\t\t\t\t\t\t\t\t<span class=\"wpr-button-text\">Contact Us<\/span>\n\t\t\t\t\t\t\t\t\n\t\t\t\t\t\t\t\t\t<span class=\"wpr-button-icon\"><i class=\"ion ion-email\"><\/i><\/span>\n\t\t\t\t\t\t\t<\/span>\n\t\t<\/a>\n\n\t\t\t\t<\/div>\n\t\n\t\n\t\t\t\t\t<\/div>\n\t\t\t\t\t<\/div>\n\t\t<\/div>\n\t\t\t\t\t<\/div>\n\t\t<\/section>\n\t\t\t\t<\/div>","protected":false},"excerpt":{"rendered":"<p>Gelece\u011fin Dijital G\u00fcvenli\u011fini Bug\u00fcnden Tasarl\u0131yoruz \u0130nsan\u0131 merkeze alan, bilgiyle farkl\u0131la\u015fan ve kurumlara de\u011fer katan teknolojik \u00e7\u00f6z\u00fcmler sunan distrib\u00fct\u00f6r\u00fcz. Biz Kimiz? 2002 y\u0131l\u0131nda kurulan Detech, siber g\u00fcvenlik alan\u0131nda uzmanla\u015fm\u0131\u015f kadrosu, yenilik\u00e7i ve insan odakl\u0131 yakla\u015f\u0131m\u0131 ile; T\u00fcrkiye\u2019nin \u00f6nde gelen \u00e7\u00f6z\u00fcm sa\u011flay\u0131c\u0131lar\u0131ndan biri olarak kurumlar\u0131n dijital d\u00f6n\u00fc\u015f\u00fcm yolculuklar\u0131nda g\u00fcvenilir i\u015f orta\u011f\u0131d\u0131r. Detech, g\u00fcvenli\u011fi bir teknoloji de\u011fil, bir de\u011fer olarak ele alan \u015firkettir.Kuruldu\u011fumuz g\u00fcnden bu yana hedefimiz; kurumlara sadece \u00e7\u00f6z\u00fcmler sunmak de\u011fil, onlar\u0131n d\u00f6n\u00fc\u015f\u00fcm yolculuklar\u0131n\u0131 g\u00fcvenle \u015fekillendirmektir. Kuruldu\u011fumuz g\u00fcnden bu yana; y\u00f6neti\u015fimsel kurumsal yap\u0131m\u0131zla s\u00fcrd\u00fcr\u00fclebilir ve y\u00f6netilebilir b\u00fcy\u00fcmeyi, bireysel geli\u015fim odakl\u0131 yakla\u015f\u0131m\u0131m\u0131zla ise mutlu ve yetkin \u00e7al\u0131\u015fanlar yaratmay\u0131 hedefliyoruz. \u201cDesigning the Technology\u201d yakla\u015f\u0131m\u0131m\u0131z; yaln\u0131zca teknoloji sunmak de\u011fil, ayn\u0131 zamanda i\u015f ortaklar\u0131m\u0131z ve m\u00fc\u015fterilerimiz i\u00e7in;\u201cdo\u011fru teknolojiyi se\u00e7mekten, entegrasyon s\u00fcre\u00e7lerini y\u00f6netmeye, uzun vadeli destek sa\u011flamaya kadar\u201d t\u00fcm a\u015famalarda g\u00fcvenilir ve uzun vadeli bir i\u015f orta\u011f\u0131 olma vizyonumuzu yans\u0131t\u0131r. Misyonumuz T\u00fcrkiye\u2019deki t\u00fcm \u015firket ve kurumlar\u0131n kar\u015f\u0131la\u015ft\u0131\u011f\u0131 siber g\u00fcvenlik sorunlar\u0131na, ihtiya\u00e7lar\u0131na en uygun ve optimum \u00e7\u00f6z\u00fcmleri sunmak. G\u00fcvenli, s\u00fcrd\u00fcr\u00fclebilir ve verimli dijital ekosistemler olu\u015fturmalar\u0131na katk\u0131 sa\u011flamak. Vizyonumuz Kurumsal y\u00f6neti\u015fim ve ortak ak\u0131l yakla\u015f\u0131m\u0131n\u0131 benimseyerek;s\u00fcrd\u00fcr\u00fclebilir, y\u00f6netilebilir, karl\u0131 b\u00fcy\u00fcmeyi sa\u011flamak ve siber g\u00fcvenlik alan\u0131nda sekt\u00f6r lideri olmak. Siber G\u00fcvenli\u011finizi Birlikte \u0130n\u015fa Edelim! \u0130htiya\u00e7 ve gereksinimlerinizi birlikte analiz edelim, kurumunuza \u00f6zel g\u00fcvenlik mimarisini birlikte yap\u0131land\u0131ral\u0131m. \u0130leti\u015fime Ge\u00e7<\/p>","protected":false},"author":3,"featured_media":0,"parent":0,"menu_order":0,"comment_status":"closed","ping_status":"closed","template":"elementor_header_footer","meta":{"_acf_changed":false,"om_disable_all_campaigns":false,"_monsterinsights_skip_tracking":false,"_monsterinsights_sitenote_active":false,"_monsterinsights_sitenote_note":"","_monsterinsights_sitenote_category":0,"footnotes":""},"class_list":["post-8233","page","type-page","status-publish","hentry"],"acf":[],"aioseo_notices":[],"_links":{"self":[{"href":"https:\/\/detech.com.tr\/en\/wp-json\/wp\/v2\/pages\/8233","targetHints":{"allow":["GET"]}}],"collection":[{"href":"https:\/\/detech.com.tr\/en\/wp-json\/wp\/v2\/pages"}],"about":[{"href":"https:\/\/detech.com.tr\/en\/wp-json\/wp\/v2\/types\/page"}],"author":[{"embeddable":true,"href":"https:\/\/detech.com.tr\/en\/wp-json\/wp\/v2\/users\/3"}],"replies":[{"embeddable":true,"href":"https:\/\/detech.com.tr\/en\/wp-json\/wp\/v2\/comments?post=8233"}],"version-history":[{"count":97,"href":"https:\/\/detech.com.tr\/en\/wp-json\/wp\/v2\/pages\/8233\/revisions"}],"predecessor-version":[{"id":12049,"href":"https:\/\/detech.com.tr\/en\/wp-json\/wp\/v2\/pages\/8233\/revisions\/12049"}],"wp:attachment":[{"href":"https:\/\/detech.com.tr\/en\/wp-json\/wp\/v2\/media?parent=8233"}],"curies":[{"name":"wp","href":"https:\/\/api.w.org\/{rel}","templated":true}]}}